{"id":758,"date":"2023-06-22T18:21:56","date_gmt":"2023-06-22T16:21:56","guid":{"rendered":"https:\/\/struktura-ing.com\/?page_id=758"},"modified":"2023-06-23T10:36:53","modified_gmt":"2023-06-23T08:36:53","slug":"etude-batiments-collectifs-et-tertiaires","status":"publish","type":"page","link":"https:\/\/struktura-ing.com\/?page_id=758","title":{"rendered":"\u00c9tude b\u00e2timents collectifs et tertiaires"},"content":{"rendered":"\t\t<div data-elementor-type=\"wp-page\" data-elementor-id=\"758\" class=\"elementor elementor-758\">\n\t\t\t\t\t\t<section class=\"elementor-section elementor-top-section elementor-element elementor-element-97d9d9e elementor-section-boxed elementor-section-height-default elementor-section-height-default\" data-id=\"97d9d9e\" data-element_type=\"section\" data-e-type=\"section\" data-settings=\"{&quot;background_background&quot;:&quot;classic&quot;}\">\n\t\t\t\t\t\t<div class=\"elementor-container elementor-column-gap-default\">\n\t\t\t\t\t<div class=\"elementor-column elementor-col-100 elementor-top-column elementor-element elementor-element-4ee1b05\" data-id=\"4ee1b05\" data-element_type=\"column\" data-e-type=\"column\" data-settings=\"{&quot;background_background&quot;:&quot;classic&quot;}\">\n\t\t\t<div class=\"elementor-widget-wrap elementor-element-populated\">\n\t\t\t\t\t\t<div class=\"elementor-element elementor-element-6147527 elementor-widget elementor-widget-heading\" data-id=\"6147527\" data-element_type=\"widget\" data-e-type=\"widget\" data-widget_type=\"heading.default\">\n\t\t\t\t<div class=\"elementor-widget-container\">\n\t\t\t\t\t<h2 class=\"elementor-heading-title elementor-size-default\">\u00c9TUDE STRUCTURE B\u00c2TIMENTS COLLECTIFS ET TERTIAIRES<\/h2>\t\t\t\t<\/div>\n\t\t\t\t<\/div>\n\t\t\t\t<div class=\"elementor-element elementor-element-8d8aa81 elementor-widget elementor-widget-text-editor\" data-id=\"8d8aa81\" data-element_type=\"widget\" data-e-type=\"widget\" data-widget_type=\"text-editor.default\">\n\t\t\t\t<div class=\"elementor-widget-container\">\n\t\t\t\t\t\t\t\t\t<p>\u00a0<\/p><h6><span style=\"color: #000000;\">Struktura vous apporte tout son savoir faire\u00a0 afin de r\u00e9pondre \u00e0 vos besoins de la phase conception jusqu\u2019\u00e0 la phase \u00e9x\u00e9cution dans les domaines suivants :<\/span><\/h6><ul><li><span style=\"color: #000000;\">Logements collectifs et individuels<\/span><\/li><li><span style=\"color: #000000;\">B\u00e2timents scolaires et industriels<\/span><\/li><li><span style=\"color: #000000;\">B\u00e2timents m\u00e9dico-sociaux<\/span><\/li><li><span style=\"color: #000000;\">Bureaux et b\u00e2timents administratifs<\/span><\/li><\/ul><p><span style=\"color: var(--ast-global-color-0); font-family: 'Open Sans', sans-serif; font-size: 0.9375rem; font-style: inherit; background-color: var(--ast-global-color-5);\">En phase <\/span><b style=\"color: var(--ast-global-color-0); font-family: 'Open Sans', sans-serif; font-size: 0.9375rem; font-style: inherit; background-color: var(--ast-global-color-5);\">CONCEPTION<\/b><span style=\"color: var(--ast-global-color-0); font-family: 'Open Sans', sans-serif; font-size: 0.9375rem; font-style: inherit; font-weight: inherit; background-color: var(--ast-global-color-5);\">, nous mettons \u00e0 la disposition des ma\u00eetres d\u2019ouvrage, architectes et ma\u00eetres d\u2019\u0153uvre nos connaissances et nos comp\u00e9tences, pour anticiper les besoins et optimiser, en tenant compte des contraintes techniques et r\u00e9glementaires.<\/span><\/p><p><span style=\"color: #000000; font-family: 'Open Sans', sans-serif; font-size: 0.9375rem; font-style: inherit; background-color: var(--ast-global-color-5);\">En phase <\/span><b style=\"color: #000000; font-family: 'Open Sans', sans-serif; font-size: 0.9375rem; font-style: inherit; background-color: var(--ast-global-color-5);\">EX\u00c9CUTION<\/b><span style=\"color: #000000; font-family: 'Open Sans', sans-serif; font-size: 0.9375rem; font-style: inherit; background-color: var(--ast-global-color-5);\">, nous nous adaptons aux techniques et m\u00e9thodologies des entreprises de gros \u0153uvre, dans le respect du projet initial, pour une r\u00e9alisation optimale et adapt\u00e9e aux habitudes de travail.<\/span><\/p><h6><span style=\"color: #000000;\">Pour cela Struktura r\u00e9alise :<\/span><\/h6><ul><li><span style=\"color: #000000;\">Le montage de la\u00a0 maquette num\u00e9rique 3D permettant la mise en place d\u2019un processus BIM via le logiciel REVIT Autodesk.<\/span><\/li><li><span style=\"color: #000000;\">L\u2019int\u00e9gration et la synth\u00e8se des corps d\u2019\u00e9tat secondaires.<\/span><\/li><li><span style=\"color: #000000;\">L\u2019analyse sismique via les logiciel ARCHE Ossature et Robot<\/span><\/li><li><span style=\"color: #000000;\">Le\u00a0 calcul des fondations, poteaux, poutres via les modules de la suite Arche Graitec<\/span><\/li><\/ul><p><span style=\"font-style: inherit; font-weight: inherit; background-color: var(--ast-global-color-5); color: #000000;\">Le BIM d\u00e9finit les \u00e9changes d&rsquo;informations et leur utilisation tout au long de la dur\u00e9e de vie d&rsquo;un ouvrage, de leur conception jusqu&rsquo;\u00e0 leur d\u00e9molition, en passant par les phases de construction et d&rsquo;exploitation. La maquette num\u00e9rique quant \u00e0 elle est une repr\u00e9sentation digitale des caract\u00e9ristiques physiques et fonctionnelles de cet ouvrage.<\/span><\/p>\t\t\t\t\t\t\t\t<\/div>\n\t\t\t\t<\/div>\n\t\t\t\t<section class=\"elementor-section elementor-inner-section elementor-element elementor-element-675bd82 elementor-section-full_width elementor-section-height-default elementor-section-height-default\" data-id=\"675bd82\" data-element_type=\"section\" data-e-type=\"section\">\n\t\t\t\t\t\t<div class=\"elementor-container elementor-column-gap-default\">\n\t\t\t\t\t<div class=\"elementor-column elementor-col-50 elementor-inner-column elementor-element elementor-element-186c9e5\" data-id=\"186c9e5\" data-element_type=\"column\" data-e-type=\"column\">\n\t\t\t<div class=\"elementor-widget-wrap elementor-element-populated\">\n\t\t\t\t\t\t<div class=\"elementor-element elementor-element-e07fee1 elementor-invisible elementor-widget elementor-widget-image\" data-id=\"e07fee1\" data-element_type=\"widget\" data-e-type=\"widget\" data-settings=\"{&quot;_animation&quot;:&quot;fadeInRight&quot;}\" data-widget_type=\"image.default\">\n\t\t\t\t<div class=\"elementor-widget-container\">\n\t\t\t\t\t\t\t\t\t\t\t\t\t\t\t\t<a href=\"https:\/\/struktura-ing.com\/wp-content\/uploads\/2023\/06\/3Dcollectif1Fichier-3.png\" data-elementor-open-lightbox=\"yes\" data-elementor-lightbox-title=\"B\u00e2timent collectif\" data-elementor-lightbox-description=\"Eventail 49 logements + sous-sol Promoteur Lelie\u0300vre\" data-e-action-hash=\"#elementor-action%3Aaction%3Dlightbox%26settings%3DeyJpZCI6NjY0LCJ1cmwiOiJodHRwczpcL1wvc3RydWt0dXJhLWluZy5jb21cL3dwLWNvbnRlbnRcL3VwbG9hZHNcLzIwMjNcLzA2XC8zRGNvbGxlY3RpZjFGaWNoaWVyLTMucG5nIn0%3D\">\n\t\t\t\t\t\t\t<img fetchpriority=\"high\" decoding=\"async\" width=\"1024\" height=\"550\" src=\"https:\/\/struktura-ing.com\/wp-content\/uploads\/2023\/06\/3Dcollectif1Fichier-3-1024x550.png\" class=\"elementor-animation-grow attachment-large size-large wp-image-664\" alt=\"STRUKTURA INGENIERIE Bureau d&#039;\u00e9tude structure b\u00e9ton arm\u00e9\" srcset=\"https:\/\/struktura-ing.com\/wp-content\/uploads\/2023\/06\/3Dcollectif1Fichier-3-1024x550.png 1024w, https:\/\/struktura-ing.com\/wp-content\/uploads\/2023\/06\/3Dcollectif1Fichier-3-300x161.png 300w, https:\/\/struktura-ing.com\/wp-content\/uploads\/2023\/06\/3Dcollectif1Fichier-3-768x412.png 768w, https:\/\/struktura-ing.com\/wp-content\/uploads\/2023\/06\/3Dcollectif1Fichier-3-1536x825.png 1536w, https:\/\/struktura-ing.com\/wp-content\/uploads\/2023\/06\/3Dcollectif1Fichier-3-2048x1099.png 2048w\" sizes=\"(max-width: 1024px) 100vw, 1024px\" \/>\t\t\t\t\t\t\t\t<\/a>\n\t\t\t\t\t\t\t\t\t\t\t\t\t\t\t<\/div>\n\t\t\t\t<\/div>\n\t\t\t\t\t<\/div>\n\t\t<\/div>\n\t\t\t\t<div class=\"elementor-column elementor-col-50 elementor-inner-column elementor-element elementor-element-381946b\" data-id=\"381946b\" data-element_type=\"column\" data-e-type=\"column\">\n\t\t\t<div class=\"elementor-widget-wrap elementor-element-populated\">\n\t\t\t\t\t\t<div class=\"elementor-element elementor-element-d6233f2 elementor-invisible elementor-widget elementor-widget-image\" data-id=\"d6233f2\" data-element_type=\"widget\" data-e-type=\"widget\" data-settings=\"{&quot;_animation&quot;:&quot;fadeInRight&quot;}\" data-widget_type=\"image.default\">\n\t\t\t\t<div class=\"elementor-widget-container\">\n\t\t\t\t\t\t\t\t\t\t\t\t\t\t\t\t<a href=\"https:\/\/struktura-ing.com\/wp-content\/uploads\/2023\/06\/Esquisse-promoteur-Pierreval-30-logements-8-maisons-individuellesFichier-4.png\" data-elementor-open-lightbox=\"yes\" data-elementor-lightbox-title=\"Esquisse promoteur Pierreval 30 logements + 8 maisons individuelles\" data-elementor-lightbox-description=\"Esquisse promoteur Pierreval 30 logements + 8 maisons individuelles - STRUKTURA INGENIERIE Bureau d&#039;\u00e9tude structure b\u00e9ton arm\u00e9\" data-e-action-hash=\"#elementor-action%3Aaction%3Dlightbox%26settings%3DeyJpZCI6NjY3LCJ1cmwiOiJodHRwczpcL1wvc3RydWt0dXJhLWluZy5jb21cL3dwLWNvbnRlbnRcL3VwbG9hZHNcLzIwMjNcLzA2XC9Fc3F1aXNzZS1wcm9tb3RldXItUGllcnJldmFsLTMwLWxvZ2VtZW50cy04LW1haXNvbnMtaW5kaXZpZHVlbGxlc0ZpY2hpZXItNC5wbmcifQ%3D%3D\">\n\t\t\t\t\t\t\t<img decoding=\"async\" width=\"1024\" height=\"514\" src=\"https:\/\/struktura-ing.com\/wp-content\/uploads\/2023\/06\/Esquisse-promoteur-Pierreval-30-logements-8-maisons-individuellesFichier-4-1024x514.png\" class=\"elementor-animation-grow attachment-large size-large wp-image-667\" alt=\"STRUKTURA INGENIERIE Bureau d&#039;\u00e9tude structure b\u00e9ton arm\u00e9\" srcset=\"https:\/\/struktura-ing.com\/wp-content\/uploads\/2023\/06\/Esquisse-promoteur-Pierreval-30-logements-8-maisons-individuellesFichier-4-1024x514.png 1024w, https:\/\/struktura-ing.com\/wp-content\/uploads\/2023\/06\/Esquisse-promoteur-Pierreval-30-logements-8-maisons-individuellesFichier-4-300x151.png 300w, https:\/\/struktura-ing.com\/wp-content\/uploads\/2023\/06\/Esquisse-promoteur-Pierreval-30-logements-8-maisons-individuellesFichier-4-768x386.png 768w, https:\/\/struktura-ing.com\/wp-content\/uploads\/2023\/06\/Esquisse-promoteur-Pierreval-30-logements-8-maisons-individuellesFichier-4-1536x771.png 1536w, https:\/\/struktura-ing.com\/wp-content\/uploads\/2023\/06\/Esquisse-promoteur-Pierreval-30-logements-8-maisons-individuellesFichier-4-2048x1029.png 2048w\" sizes=\"(max-width: 1024px) 100vw, 1024px\" \/>\t\t\t\t\t\t\t\t<\/a>\n\t\t\t\t\t\t\t\t\t\t\t\t\t\t\t<\/div>\n\t\t\t\t<\/div>\n\t\t\t\t\t<\/div>\n\t\t<\/div>\n\t\t\t\t\t<\/div>\n\t\t<\/section>\n\t\t\t\t<section class=\"elementor-section elementor-inner-section elementor-element elementor-element-08bf143 elementor-section-boxed elementor-section-height-default elementor-section-height-default\" data-id=\"08bf143\" data-element_type=\"section\" data-e-type=\"section\">\n\t\t\t\t\t\t<div class=\"elementor-container elementor-column-gap-default\">\n\t\t\t\t\t<div class=\"elementor-column elementor-col-100 elementor-inner-column elementor-element elementor-element-d0caada\" data-id=\"d0caada\" data-element_type=\"column\" data-e-type=\"column\">\n\t\t\t<div class=\"elementor-widget-wrap elementor-element-populated\">\n\t\t\t\t\t\t<div class=\"elementor-element elementor-element-77f0b251 elementor-widget__width-auto elementor-mobile-align-center animated-slow elementor-align-center elementor-invisible elementor-widget elementor-widget-button\" data-id=\"77f0b251\" data-element_type=\"widget\" data-e-type=\"widget\" data-settings=\"{&quot;_animation&quot;:&quot;fadeInRight&quot;}\" data-widget_type=\"button.default\">\n\t\t\t\t<div class=\"elementor-widget-container\">\n\t\t\t\t\t\t\t\t\t<div class=\"elementor-button-wrapper\">\n\t\t\t\t\t<a class=\"elementor-button elementor-button-link elementor-size-sm\" href=\"https:\/\/struktura-ing.com\/?page_id=395\/#CONTACT\">\n\t\t\t\t\t\t<span class=\"elementor-button-content-wrapper\">\n\t\t\t\t\t\t\t\t\t<span class=\"elementor-button-text\">Nous contacter<\/span>\n\t\t\t\t\t<\/span>\n\t\t\t\t\t<\/a>\n\t\t\t\t<\/div>\n\t\t\t\t\t\t\t\t<\/div>\n\t\t\t\t<\/div>\n\t\t\t\t\t<\/div>\n\t\t<\/div>\n\t\t\t\t\t<\/div>\n\t\t<\/section>\n\t\t\t\t\t<\/div>\n\t\t<\/div>\n\t\t\t\t\t<\/div>\n\t\t<\/section>\n\t\t\t\t<\/div>\n\t\t","protected":false},"excerpt":{"rendered":"<p>\u00c9TUDE STRUCTURE B\u00c2TIMENTS COLLECTIFS ET TERTIAIRES \u00a0 Struktura vous apporte tout son savoir faire\u00a0 afin de r\u00e9pondre \u00e0 vos besoins de la phase conception jusqu\u2019\u00e0 la phase \u00e9x\u00e9cution dans les domaines suivants : Logements collectifs et individuels B\u00e2timents scolaires et industriels B\u00e2timents m\u00e9dico-sociaux Bureaux et b\u00e2timents administratifs En phase CONCEPTION, nous mettons \u00e0 la disposition &hellip;<\/p>\n<p class=\"read-more\"> <a class=\"\" href=\"https:\/\/struktura-ing.com\/?page_id=758\"> <span class=\"screen-reader-text\">\u00c9tude b\u00e2timents collectifs et tertiaires<\/span> Lire la suite\u00a0\u00bb<\/a><\/p>\n","protected":false},"author":1,"featured_media":0,"parent":0,"menu_order":0,"comment_status":"closed","ping_status":"closed","template":"","meta":{"site-sidebar-layout":"no-sidebar","site-content-layout":"page-builder","ast-global-header-display":"","ast-banner-title-visibility":"","ast-main-header-display":"","ast-hfb-above-header-display":"","ast-hfb-below-header-display":"","ast-hfb-mobile-header-display":"","site-post-title":"disabled","ast-breadcrumbs-content":"","ast-featured-img":"disabled","footer-sml-layout":"","theme-transparent-header-meta":"","adv-header-id-meta":"","stick-header-meta":"","header-above-stick-meta":"","header-main-stick-meta":"","header-below-stick-meta":"","footnotes":""},"class_list":["post-758","page","type-page","status-publish","hentry"],"_links":{"self":[{"href":"https:\/\/struktura-ing.com\/index.php?rest_route=\/wp\/v2\/pages\/758","targetHints":{"allow":["GET"]}}],"collection":[{"href":"https:\/\/struktura-ing.com\/index.php?rest_route=\/wp\/v2\/pages"}],"about":[{"href":"https:\/\/struktura-ing.com\/index.php?rest_route=\/wp\/v2\/types\/page"}],"author":[{"embeddable":true,"href":"https:\/\/struktura-ing.com\/index.php?rest_route=\/wp\/v2\/users\/1"}],"replies":[{"embeddable":true,"href":"https:\/\/struktura-ing.com\/index.php?rest_route=%2Fwp%2Fv2%2Fcomments&post=758"}],"version-history":[{"count":13,"href":"https:\/\/struktura-ing.com\/index.php?rest_route=\/wp\/v2\/pages\/758\/revisions"}],"predecessor-version":[{"id":860,"href":"https:\/\/struktura-ing.com\/index.php?rest_route=\/wp\/v2\/pages\/758\/revisions\/860"}],"wp:attachment":[{"href":"https:\/\/struktura-ing.com\/index.php?rest_route=%2Fwp%2Fv2%2Fmedia&parent=758"}],"curies":[{"name":"wp","href":"https:\/\/api.w.org\/{rel}","templated":true}]}}