{"id":781,"date":"2023-06-22T18:30:33","date_gmt":"2023-06-22T16:30:33","guid":{"rendered":"https:\/\/struktura-ing.com\/?page_id=781"},"modified":"2023-10-18T17:24:31","modified_gmt":"2023-10-18T15:24:31","slug":"etude-structure-maisons-individuelles","status":"publish","type":"page","link":"https:\/\/struktura-ing.com\/?page_id=781","title":{"rendered":"\u00c9tude structure maisons individuelles"},"content":{"rendered":"\t\t<div data-elementor-type=\"wp-page\" data-elementor-id=\"781\" class=\"elementor elementor-781\">\n\t\t\t\t\t\t<section class=\"elementor-section elementor-top-section elementor-element elementor-element-691dbac2 elementor-section-boxed elementor-section-height-default elementor-section-height-default\" data-id=\"691dbac2\" data-element_type=\"section\" data-e-type=\"section\" data-settings=\"{&quot;background_background&quot;:&quot;classic&quot;}\">\n\t\t\t\t\t\t<div class=\"elementor-container elementor-column-gap-default\">\n\t\t\t\t\t<div class=\"elementor-column elementor-col-100 elementor-top-column elementor-element elementor-element-199f90e\" data-id=\"199f90e\" data-element_type=\"column\" data-e-type=\"column\" data-settings=\"{&quot;background_background&quot;:&quot;classic&quot;}\">\n\t\t\t<div class=\"elementor-widget-wrap elementor-element-populated\">\n\t\t\t\t\t\t<div class=\"elementor-element elementor-element-a04463 elementor-widget elementor-widget-heading\" data-id=\"a04463\" data-element_type=\"widget\" data-e-type=\"widget\" data-widget_type=\"heading.default\">\n\t\t\t\t<div class=\"elementor-widget-container\">\n\t\t\t\t\t<h2 class=\"elementor-heading-title elementor-size-default\">\u00c9TUDE STRUCTURE MAISONS INDIVIDUELLES<\/h2>\t\t\t\t<\/div>\n\t\t\t\t<\/div>\n\t\t\t\t<div class=\"elementor-element elementor-element-50c84d1e elementor-widget elementor-widget-text-editor\" data-id=\"50c84d1e\" data-element_type=\"widget\" data-e-type=\"widget\" data-widget_type=\"text-editor.default\">\n\t\t\t\t<div class=\"elementor-widget-container\">\n\t\t\t\t\t\t\t\t\t<p>Pour les maisons individuelles, l&rsquo;obligation de construire parasismique se fait \u00e0 partir de la zone de sismicit\u00e9 3 (mod\u00e9r\u00e9e). Ces r\u00e8gles de construction ont \u00e9t\u00e9 mises en place afin d&rsquo;assurer la s\u00e9curit\u00e9 des personnes par le non-effondrement de l&rsquo;ouvrage en cas de s\u00e9isme. (<a style=\"color: #000000;\" href=\"https:\/\/www.cartesfrance.fr\/geographie\/cartes-geologiques\/carte-zones-sismiques.html\">voir la carte des zones sismiques<\/a>)<\/p><p>Struktura Ing\u00e9nierie r\u00e9alise des \u00e9tudes de structures aux normes sismiques.\u00a0<\/p><p>L\u2019\u00e9tude comprend :<\/p><ul><li style=\"font-weight: 400;\" aria-level=\"1\">Le dimensionnement des fondations selon l\u2019\u00e9tude de sol,<\/li><li style=\"font-weight: 400;\" aria-level=\"1\">Les perspectives 3D des fondations et des \u00e9l\u00e9vations avec indication des arases,<\/li><li style=\"font-weight: 400;\" aria-level=\"1\">Le plans de coffrages avec rep\u00e9rages et cotations,<\/li><li style=\"font-weight: 400;\" aria-level=\"1\">Le carnet de d\u00e9tails,<\/li><li style=\"font-weight: 400;\" aria-level=\"1\">Les d\u00e9tails des poutres, longrines, poteaux, acrot\u00e8res, etc.,<\/li><li style=\"font-weight: 400;\" aria-level=\"1\">Une nomenclature avec le calcul des quantit\u00e9s d\u2019aciers et de b\u00e9ton,<\/li><li style=\"font-weight: 400;\" aria-level=\"1\">Une notice sismique certifiant le respect des r\u00e8gles et des normes de construction<\/li><\/ul><p>Nous intervenons \u00e9galement pour des projets d\u2019extensions, de sur\u00e9l\u00e9vation et de renforcement pour la r\u00e9alisation d\u2019ouverture dans mur porteur.<\/p>\t\t\t\t\t\t\t\t<\/div>\n\t\t\t\t<\/div>\n\t\t\t\t<section class=\"elementor-section elementor-inner-section elementor-element elementor-element-5c35c065 elementor-section-full_width elementor-section-height-default elementor-section-height-default\" data-id=\"5c35c065\" data-element_type=\"section\" data-e-type=\"section\">\n\t\t\t\t\t\t<div class=\"elementor-container elementor-column-gap-default\">\n\t\t\t\t\t<div class=\"elementor-column elementor-col-50 elementor-inner-column elementor-element elementor-element-5b0d1f28\" data-id=\"5b0d1f28\" data-element_type=\"column\" data-e-type=\"column\">\n\t\t\t<div class=\"elementor-widget-wrap elementor-element-populated\">\n\t\t\t\t\t\t<div class=\"elementor-element elementor-element-5cbce623 elementor-invisible elementor-widget elementor-widget-image\" data-id=\"5cbce623\" data-element_type=\"widget\" data-e-type=\"widget\" data-settings=\"{&quot;_animation&quot;:&quot;fadeInRight&quot;}\" data-widget_type=\"image.default\">\n\t\t\t\t<div class=\"elementor-widget-container\">\n\t\t\t\t\t\t\t\t\t\t\t\t<figure class=\"wp-caption\">\n\t\t\t\t\t\t\t\t\t\t\t<a href=\"https:\/\/struktura-ing.com\/wp-content\/uploads\/2023\/06\/maisonindivFichier-18.png\" data-elementor-open-lightbox=\"yes\" data-elementor-lightbox-title=\"Cr\u00e9ation d&#039;une ouverture dans un mur porteur\" data-e-action-hash=\"#elementor-action%3Aaction%3Dlightbox%26settings%3DeyJpZCI6NzUwLCJ1cmwiOiJodHRwczpcL1wvc3RydWt0dXJhLWluZy5jb21cL3dwLWNvbnRlbnRcL3VwbG9hZHNcLzIwMjNcLzA2XC9tYWlzb25pbmRpdkZpY2hpZXItMTgucG5nIn0%3D\">\n\t\t\t\t\t\t\t<img fetchpriority=\"high\" decoding=\"async\" width=\"1006\" height=\"754\" src=\"https:\/\/struktura-ing.com\/wp-content\/uploads\/2023\/06\/maisonindivFichier-18.png\" class=\"elementor-animation-grow attachment-large size-large wp-image-750\" alt=\"STRUKTURA Ing\u00e9rierie - bureau d&#039;\u00e9tude structure b\u00e9ton\" srcset=\"https:\/\/struktura-ing.com\/wp-content\/uploads\/2023\/06\/maisonindivFichier-18.png 1006w, https:\/\/struktura-ing.com\/wp-content\/uploads\/2023\/06\/maisonindivFichier-18-300x225.png 300w, https:\/\/struktura-ing.com\/wp-content\/uploads\/2023\/06\/maisonindivFichier-18-768x576.png 768w\" sizes=\"(max-width: 1006px) 100vw, 1006px\" \/>\t\t\t\t\t\t\t\t<\/a>\n\t\t\t\t\t\t\t\t\t\t\t<figcaption class=\"widget-image-caption wp-caption-text\">Cr\u00e9ation d'une ouverture dans un mur porteur<\/figcaption>\n\t\t\t\t\t\t\t\t\t\t<\/figure>\n\t\t\t\t\t\t\t\t\t<\/div>\n\t\t\t\t<\/div>\n\t\t\t\t\t<\/div>\n\t\t<\/div>\n\t\t\t\t<div class=\"elementor-column elementor-col-50 elementor-inner-column elementor-element elementor-element-64d81a9f\" data-id=\"64d81a9f\" data-element_type=\"column\" data-e-type=\"column\">\n\t\t\t<div class=\"elementor-widget-wrap elementor-element-populated\">\n\t\t\t\t\t\t<div class=\"elementor-element elementor-element-1fb877e3 elementor-invisible elementor-widget elementor-widget-image\" data-id=\"1fb877e3\" data-element_type=\"widget\" data-e-type=\"widget\" data-settings=\"{&quot;_animation&quot;:&quot;fadeInRight&quot;}\" data-widget_type=\"image.default\">\n\t\t\t\t<div class=\"elementor-widget-container\">\n\t\t\t\t\t\t\t\t\t\t\t\t<figure class=\"wp-caption\">\n\t\t\t\t\t\t\t\t\t\t\t<a href=\"https:\/\/struktura-ing.com\/wp-content\/uploads\/2023\/06\/maisonindivFichier-19.png\" data-elementor-open-lightbox=\"yes\" data-elementor-lightbox-title=\"Vue 3D d&#039;une \u00e9l\u00e9vation\" data-e-action-hash=\"#elementor-action%3Aaction%3Dlightbox%26settings%3DeyJpZCI6NzgzLCJ1cmwiOiJodHRwczpcL1wvc3RydWt0dXJhLWluZy5jb21cL3dwLWNvbnRlbnRcL3VwbG9hZHNcLzIwMjNcLzA2XC9tYWlzb25pbmRpdkZpY2hpZXItMTkucG5nIn0%3D\">\n\t\t\t\t\t\t\t<img decoding=\"async\" width=\"1006\" height=\"755\" src=\"https:\/\/struktura-ing.com\/wp-content\/uploads\/2023\/06\/maisonindivFichier-19.png\" class=\"elementor-animation-grow attachment-large size-large wp-image-783\" alt=\"STRUKTURA Ing\u00e9rierie - bureau d&#039;\u00e9tude structure b\u00e9ton\" srcset=\"https:\/\/struktura-ing.com\/wp-content\/uploads\/2023\/06\/maisonindivFichier-19.png 1006w, https:\/\/struktura-ing.com\/wp-content\/uploads\/2023\/06\/maisonindivFichier-19-300x225.png 300w, https:\/\/struktura-ing.com\/wp-content\/uploads\/2023\/06\/maisonindivFichier-19-768x576.png 768w\" sizes=\"(max-width: 1006px) 100vw, 1006px\" \/>\t\t\t\t\t\t\t\t<\/a>\n\t\t\t\t\t\t\t\t\t\t\t<figcaption class=\"widget-image-caption wp-caption-text\">Vue 3D d'une \u00e9l\u00e9vation<\/figcaption>\n\t\t\t\t\t\t\t\t\t\t<\/figure>\n\t\t\t\t\t\t\t\t\t<\/div>\n\t\t\t\t<\/div>\n\t\t\t\t\t<\/div>\n\t\t<\/div>\n\t\t\t\t\t<\/div>\n\t\t<\/section>\n\t\t\t\t<section class=\"elementor-section elementor-inner-section elementor-element elementor-element-a0213d8 elementor-section-boxed elementor-section-height-default elementor-section-height-default\" data-id=\"a0213d8\" data-element_type=\"section\" data-e-type=\"section\">\n\t\t\t\t\t\t<div class=\"elementor-container elementor-column-gap-default\">\n\t\t\t\t\t<div class=\"elementor-column elementor-col-100 elementor-inner-column elementor-element elementor-element-50e676d0\" data-id=\"50e676d0\" data-element_type=\"column\" data-e-type=\"column\">\n\t\t\t<div class=\"elementor-widget-wrap elementor-element-populated\">\n\t\t\t\t\t\t<div class=\"elementor-element elementor-element-3b9a284 elementor-widget__width-auto elementor-mobile-align-center animated-slow elementor-align-center elementor-invisible elementor-widget elementor-widget-button\" data-id=\"3b9a284\" data-element_type=\"widget\" data-e-type=\"widget\" data-settings=\"{&quot;_animation&quot;:&quot;fadeInRight&quot;}\" data-widget_type=\"button.default\">\n\t\t\t\t<div class=\"elementor-widget-container\">\n\t\t\t\t\t\t\t\t\t<div class=\"elementor-button-wrapper\">\n\t\t\t\t\t<a class=\"elementor-button elementor-button-link elementor-size-sm\" href=\"https:\/\/struktura-ing.com\/?page_id=395\/#CONTACT\">\n\t\t\t\t\t\t<span class=\"elementor-button-content-wrapper\">\n\t\t\t\t\t\t\t\t\t<span class=\"elementor-button-text\">Nous contacter<\/span>\n\t\t\t\t\t<\/span>\n\t\t\t\t\t<\/a>\n\t\t\t\t<\/div>\n\t\t\t\t\t\t\t\t<\/div>\n\t\t\t\t<\/div>\n\t\t\t\t\t<\/div>\n\t\t<\/div>\n\t\t\t\t\t<\/div>\n\t\t<\/section>\n\t\t\t\t\t<\/div>\n\t\t<\/div>\n\t\t\t\t\t<\/div>\n\t\t<\/section>\n\t\t\t\t<\/div>\n\t\t","protected":false},"excerpt":{"rendered":"<p>\u00c9TUDE STRUCTURE MAISONS INDIVIDUELLES Pour les maisons individuelles, l&rsquo;obligation de construire parasismique se fait \u00e0 partir de la zone de sismicit\u00e9 3 (mod\u00e9r\u00e9e). Ces r\u00e8gles de construction ont \u00e9t\u00e9 mises en place afin d&rsquo;assurer la s\u00e9curit\u00e9 des personnes par le non-effondrement de l&rsquo;ouvrage en cas de s\u00e9isme. (voir la carte des zones sismiques) Struktura Ing\u00e9nierie &hellip;<\/p>\n<p class=\"read-more\"> <a class=\"\" href=\"https:\/\/struktura-ing.com\/?page_id=781\"> <span class=\"screen-reader-text\">\u00c9tude structure maisons individuelles<\/span> Lire la suite\u00a0\u00bb<\/a><\/p>\n","protected":false},"author":1,"featured_media":0,"parent":0,"menu_order":0,"comment_status":"closed","ping_status":"closed","template":"","meta":{"site-sidebar-layout":"no-sidebar","site-content-layout":"page-builder","ast-global-header-display":"","ast-banner-title-visibility":"","ast-main-header-display":"","ast-hfb-above-header-display":"","ast-hfb-below-header-display":"","ast-hfb-mobile-header-display":"","site-post-title":"disabled","ast-breadcrumbs-content":"","ast-featured-img":"disabled","footer-sml-layout":"","theme-transparent-header-meta":"","adv-header-id-meta":"","stick-header-meta":"","header-above-stick-meta":"","header-main-stick-meta":"","header-below-stick-meta":"","footnotes":""},"class_list":["post-781","page","type-page","status-publish","hentry"],"_links":{"self":[{"href":"https:\/\/struktura-ing.com\/index.php?rest_route=\/wp\/v2\/pages\/781","targetHints":{"allow":["GET"]}}],"collection":[{"href":"https:\/\/struktura-ing.com\/index.php?rest_route=\/wp\/v2\/pages"}],"about":[{"href":"https:\/\/struktura-ing.com\/index.php?rest_route=\/wp\/v2\/types\/page"}],"author":[{"embeddable":true,"href":"https:\/\/struktura-ing.com\/index.php?rest_route=\/wp\/v2\/users\/1"}],"replies":[{"embeddable":true,"href":"https:\/\/struktura-ing.com\/index.php?rest_route=%2Fwp%2Fv2%2Fcomments&post=781"}],"version-history":[{"count":16,"href":"https:\/\/struktura-ing.com\/index.php?rest_route=\/wp\/v2\/pages\/781\/revisions"}],"predecessor-version":[{"id":887,"href":"https:\/\/struktura-ing.com\/index.php?rest_route=\/wp\/v2\/pages\/781\/revisions\/887"}],"wp:attachment":[{"href":"https:\/\/struktura-ing.com\/index.php?rest_route=%2Fwp%2Fv2%2Fmedia&parent=781"}],"curies":[{"name":"wp","href":"https:\/\/api.w.org\/{rel}","templated":true}]}}