{"id":787,"date":"2023-06-22T18:39:12","date_gmt":"2023-06-22T16:39:12","guid":{"rendered":"https:\/\/struktura-ing.com\/?page_id=787"},"modified":"2023-06-23T10:38:17","modified_gmt":"2023-06-23T08:38:17","slug":"diagnostic-structure","status":"publish","type":"page","link":"https:\/\/struktura-ing.com\/?page_id=787","title":{"rendered":"Diagnostic structure"},"content":{"rendered":"\t\t<div data-elementor-type=\"wp-page\" data-elementor-id=\"787\" class=\"elementor elementor-787\">\n\t\t\t\t\t\t<section class=\"elementor-section elementor-top-section elementor-element elementor-element-7b616610 elementor-section-boxed elementor-section-height-default elementor-section-height-default\" data-id=\"7b616610\" data-element_type=\"section\" data-e-type=\"section\" data-settings=\"{&quot;background_background&quot;:&quot;classic&quot;}\">\n\t\t\t\t\t\t<div class=\"elementor-container elementor-column-gap-default\">\n\t\t\t\t\t<div class=\"elementor-column elementor-col-100 elementor-top-column elementor-element elementor-element-1dac00bb\" data-id=\"1dac00bb\" data-element_type=\"column\" data-e-type=\"column\" data-settings=\"{&quot;background_background&quot;:&quot;classic&quot;}\">\n\t\t\t<div class=\"elementor-widget-wrap elementor-element-populated\">\n\t\t\t\t\t\t<div class=\"elementor-element elementor-element-535c6d85 elementor-widget elementor-widget-heading\" data-id=\"535c6d85\" data-element_type=\"widget\" data-e-type=\"widget\" data-widget_type=\"heading.default\">\n\t\t\t\t<div class=\"elementor-widget-container\">\n\t\t\t\t\t<h2 class=\"elementor-heading-title elementor-size-default\">DIAGNOSTIC STRUCTURE<\/h2>\t\t\t\t<\/div>\n\t\t\t\t<\/div>\n\t\t\t\t<div class=\"elementor-element elementor-element-54f08b52 elementor-widget elementor-widget-text-editor\" data-id=\"54f08b52\" data-element_type=\"widget\" data-e-type=\"widget\" data-widget_type=\"text-editor.default\">\n\t\t\t\t<div class=\"elementor-widget-container\">\n\t\t\t\t\t\t\t\t\t<p><span style=\"color: #000000; font-style: inherit; font-weight: inherit; font-family: var( --e-global-typography-text-font-family ), Sans-serif;\">STRUKTURA r\u00e9alise des diagnostics structures afin de d\u00e9terminer l\u2019\u00e9tat structurel de tout type de b\u00e2timent.<\/span><\/p><p><span style=\"color: #000000;\">Le diagnostic structure peut intervenir :<\/span><\/p><ul><li style=\"font-weight: 400;\" aria-level=\"1\"><span style=\"color: #000000;\">Pour d\u00e9terminer la faisabilit\u00e9 d\u2019une sur\u00e9l\u00e9vation sur la structure actuelle avec v\u00e9rification de la capacit\u00e9 portante des fondations existantes.<\/span><\/li><li style=\"font-weight: 400;\" aria-level=\"1\"><span style=\"color: #000000;\">Pour d\u00e9terminer la reconstruction apr\u00e8s un sinistre incendie en collaboration avec des experts d\u2019assurance.<\/span><\/li><li style=\"font-weight: 400;\" aria-level=\"1\"><span style=\"color: #000000;\">Pour d\u00e9terminer les causes structurelles de d\u00e9sordre.<\/span><\/li><li style=\"font-weight: 400;\" aria-level=\"1\"><span style=\"color: #000000;\">Pour\u00a0 la r\u00e9alisation d\u2019une tr\u00e9mie d\u2019escalier ou d\u2019ascenseur.<\/span><\/li><\/ul><p><span style=\"color: #000000;\">A la suite d\u2019un d\u00e9placement sur site, Struktura vous apporte\u00a0 un rapport de diagnostic complet de l\u2019ouvrage avec les pr\u00e9conisations d\u2019usages.<\/span><\/p>\t\t\t\t\t\t\t\t<\/div>\n\t\t\t\t<\/div>\n\t\t\t\t<section class=\"elementor-section elementor-inner-section elementor-element elementor-element-164b1ab3 elementor-section-full_width elementor-section-height-default elementor-section-height-default\" data-id=\"164b1ab3\" data-element_type=\"section\" data-e-type=\"section\">\n\t\t\t\t\t\t<div class=\"elementor-container elementor-column-gap-default\">\n\t\t\t\t\t<div class=\"elementor-column elementor-col-50 elementor-inner-column elementor-element elementor-element-50c9166e\" data-id=\"50c9166e\" data-element_type=\"column\" data-e-type=\"column\">\n\t\t\t<div class=\"elementor-widget-wrap elementor-element-populated\">\n\t\t\t\t\t\t<div class=\"elementor-element elementor-element-1225936f elementor-invisible elementor-widget elementor-widget-image\" data-id=\"1225936f\" data-element_type=\"widget\" data-e-type=\"widget\" data-settings=\"{&quot;_animation&quot;:&quot;fadeInRight&quot;}\" data-widget_type=\"image.default\">\n\t\t\t\t<div class=\"elementor-widget-container\">\n\t\t\t\t\t\t\t\t\t\t\t\t\t\t\t\t<a href=\"https:\/\/struktura-ing.com\/wp-content\/uploads\/2023\/06\/diagstructureFichier-20.png\" data-elementor-open-lightbox=\"yes\" data-elementor-lightbox-title=\"DIAGNOSTIQUE STRUCTURE\" data-elementor-lightbox-description=\"STRUKTURA Ing\u00e9rierie - bureau d&#039;\u00e9tude structure b\u00e9ton - Diagnostique structure\" data-e-action-hash=\"#elementor-action%3Aaction%3Dlightbox%26settings%3DeyJpZCI6NzkwLCJ1cmwiOiJodHRwczpcL1wvc3RydWt0dXJhLWluZy5jb21cL3dwLWNvbnRlbnRcL3VwbG9hZHNcLzIwMjNcLzA2XC9kaWFnc3RydWN0dXJlRmljaGllci0yMC5wbmcifQ%3D%3D\">\n\t\t\t\t\t\t\t<img fetchpriority=\"high\" decoding=\"async\" width=\"1016\" height=\"757\" src=\"https:\/\/struktura-ing.com\/wp-content\/uploads\/2023\/06\/diagstructureFichier-20.png\" class=\"elementor-animation-grow attachment-large size-large wp-image-790\" alt=\"STRUKTURA Ing\u00e9rierie - bureau d&#039;\u00e9tude structure b\u00e9ton\" srcset=\"https:\/\/struktura-ing.com\/wp-content\/uploads\/2023\/06\/diagstructureFichier-20.png 1016w, https:\/\/struktura-ing.com\/wp-content\/uploads\/2023\/06\/diagstructureFichier-20-300x224.png 300w, https:\/\/struktura-ing.com\/wp-content\/uploads\/2023\/06\/diagstructureFichier-20-768x572.png 768w\" sizes=\"(max-width: 1016px) 100vw, 1016px\" \/>\t\t\t\t\t\t\t\t<\/a>\n\t\t\t\t\t\t\t\t\t\t\t\t\t\t\t<\/div>\n\t\t\t\t<\/div>\n\t\t\t\t\t<\/div>\n\t\t<\/div>\n\t\t\t\t<div class=\"elementor-column elementor-col-50 elementor-inner-column elementor-element elementor-element-2d7d98dc\" data-id=\"2d7d98dc\" data-element_type=\"column\" data-e-type=\"column\">\n\t\t\t<div class=\"elementor-widget-wrap elementor-element-populated\">\n\t\t\t\t\t\t<div class=\"elementor-element elementor-element-6b8f763a elementor-invisible elementor-widget elementor-widget-image\" data-id=\"6b8f763a\" data-element_type=\"widget\" data-e-type=\"widget\" data-settings=\"{&quot;_animation&quot;:&quot;fadeInRight&quot;}\" data-widget_type=\"image.default\">\n\t\t\t\t<div class=\"elementor-widget-container\">\n\t\t\t\t\t\t\t\t\t\t\t\t\t\t\t\t<a href=\"https:\/\/struktura-ing.com\/wp-content\/uploads\/2023\/06\/DiagstructureFichier-12.png\" data-elementor-open-lightbox=\"yes\" data-elementor-lightbox-title=\"DIAGNOSTIQUE STRUCTURE\" data-elementor-lightbox-description=\"STRUKTURA Ing\u00e9rierie - bureau d&#039;\u00e9tude structure b\u00e9ton - Diagnostique structure\" data-e-action-hash=\"#elementor-action%3Aaction%3Dlightbox%26settings%3DeyJpZCI6NjkxLCJ1cmwiOiJodHRwczpcL1wvc3RydWt0dXJhLWluZy5jb21cL3dwLWNvbnRlbnRcL3VwbG9hZHNcLzIwMjNcLzA2XC9EaWFnc3RydWN0dXJlRmljaGllci0xMi5wbmcifQ%3D%3D\">\n\t\t\t\t\t\t\t<img decoding=\"async\" width=\"1015\" height=\"762\" src=\"https:\/\/struktura-ing.com\/wp-content\/uploads\/2023\/06\/DiagstructureFichier-12.png\" class=\"elementor-animation-grow attachment-large size-large wp-image-691\" alt=\"STRUKTURA Ing\u00e9rierie - bureau d&#039;\u00e9tude structure b\u00e9ton\" srcset=\"https:\/\/struktura-ing.com\/wp-content\/uploads\/2023\/06\/DiagstructureFichier-12.png 1015w, https:\/\/struktura-ing.com\/wp-content\/uploads\/2023\/06\/DiagstructureFichier-12-300x225.png 300w, https:\/\/struktura-ing.com\/wp-content\/uploads\/2023\/06\/DiagstructureFichier-12-768x577.png 768w\" sizes=\"(max-width: 1015px) 100vw, 1015px\" \/>\t\t\t\t\t\t\t\t<\/a>\n\t\t\t\t\t\t\t\t\t\t\t\t\t\t\t<\/div>\n\t\t\t\t<\/div>\n\t\t\t\t\t<\/div>\n\t\t<\/div>\n\t\t\t\t\t<\/div>\n\t\t<\/section>\n\t\t\t\t<section class=\"elementor-section elementor-inner-section elementor-element elementor-element-6aa6e22a elementor-section-boxed elementor-section-height-default elementor-section-height-default\" data-id=\"6aa6e22a\" data-element_type=\"section\" data-e-type=\"section\">\n\t\t\t\t\t\t<div class=\"elementor-container elementor-column-gap-default\">\n\t\t\t\t\t<div class=\"elementor-column elementor-col-100 elementor-inner-column elementor-element elementor-element-1fce69d2\" data-id=\"1fce69d2\" data-element_type=\"column\" data-e-type=\"column\">\n\t\t\t<div class=\"elementor-widget-wrap elementor-element-populated\">\n\t\t\t\t\t\t<div class=\"elementor-element elementor-element-77ef2bc4 elementor-widget__width-auto elementor-mobile-align-center animated-slow elementor-align-center elementor-invisible elementor-widget elementor-widget-button\" data-id=\"77ef2bc4\" data-element_type=\"widget\" data-e-type=\"widget\" data-settings=\"{&quot;_animation&quot;:&quot;fadeInRight&quot;}\" data-widget_type=\"button.default\">\n\t\t\t\t<div class=\"elementor-widget-container\">\n\t\t\t\t\t\t\t\t\t<div class=\"elementor-button-wrapper\">\n\t\t\t\t\t<a class=\"elementor-button elementor-button-link elementor-size-sm\" href=\"https:\/\/struktura-ing.com\/?page_id=395\/#CONTACT\">\n\t\t\t\t\t\t<span class=\"elementor-button-content-wrapper\">\n\t\t\t\t\t\t\t\t\t<span class=\"elementor-button-text\">Nous contacter<\/span>\n\t\t\t\t\t<\/span>\n\t\t\t\t\t<\/a>\n\t\t\t\t<\/div>\n\t\t\t\t\t\t\t\t<\/div>\n\t\t\t\t<\/div>\n\t\t\t\t\t<\/div>\n\t\t<\/div>\n\t\t\t\t\t<\/div>\n\t\t<\/section>\n\t\t\t\t\t<\/div>\n\t\t<\/div>\n\t\t\t\t\t<\/div>\n\t\t<\/section>\n\t\t\t\t<\/div>\n\t\t","protected":false},"excerpt":{"rendered":"<p>DIAGNOSTIC STRUCTURE STRUKTURA r\u00e9alise des diagnostics structures afin de d\u00e9terminer l\u2019\u00e9tat structurel de tout type de b\u00e2timent. Le diagnostic structure peut intervenir : Pour d\u00e9terminer la faisabilit\u00e9 d\u2019une sur\u00e9l\u00e9vation sur la structure actuelle avec v\u00e9rification de la capacit\u00e9 portante des fondations existantes. Pour d\u00e9terminer la reconstruction apr\u00e8s un sinistre incendie en collaboration avec des experts &hellip;<\/p>\n<p class=\"read-more\"> <a class=\"\" href=\"https:\/\/struktura-ing.com\/?page_id=787\"> <span class=\"screen-reader-text\">Diagnostic structure<\/span> Lire la suite\u00a0\u00bb<\/a><\/p>\n","protected":false},"author":1,"featured_media":0,"parent":0,"menu_order":0,"comment_status":"closed","ping_status":"closed","template":"","meta":{"site-sidebar-layout":"no-sidebar","site-content-layout":"page-builder","ast-global-header-display":"","ast-banner-title-visibility":"","ast-main-header-display":"","ast-hfb-above-header-display":"","ast-hfb-below-header-display":"","ast-hfb-mobile-header-display":"","site-post-title":"disabled","ast-breadcrumbs-content":"","ast-featured-img":"disabled","footer-sml-layout":"","theme-transparent-header-meta":"","adv-header-id-meta":"","stick-header-meta":"","header-above-stick-meta":"","header-main-stick-meta":"","header-below-stick-meta":"","footnotes":""},"class_list":["post-787","page","type-page","status-publish","hentry"],"_links":{"self":[{"href":"https:\/\/struktura-ing.com\/index.php?rest_route=\/wp\/v2\/pages\/787","targetHints":{"allow":["GET"]}}],"collection":[{"href":"https:\/\/struktura-ing.com\/index.php?rest_route=\/wp\/v2\/pages"}],"about":[{"href":"https:\/\/struktura-ing.com\/index.php?rest_route=\/wp\/v2\/types\/page"}],"author":[{"embeddable":true,"href":"https:\/\/struktura-ing.com\/index.php?rest_route=\/wp\/v2\/users\/1"}],"replies":[{"embeddable":true,"href":"https:\/\/struktura-ing.com\/index.php?rest_route=%2Fwp%2Fv2%2Fcomments&post=787"}],"version-history":[{"count":13,"href":"https:\/\/struktura-ing.com\/index.php?rest_route=\/wp\/v2\/pages\/787\/revisions"}],"predecessor-version":[{"id":869,"href":"https:\/\/struktura-ing.com\/index.php?rest_route=\/wp\/v2\/pages\/787\/revisions\/869"}],"wp:attachment":[{"href":"https:\/\/struktura-ing.com\/index.php?rest_route=%2Fwp%2Fv2%2Fmedia&parent=787"}],"curies":[{"name":"wp","href":"https:\/\/api.w.org\/{rel}","templated":true}]}}